{"id":439,"date":"2018-12-21T08:07:03","date_gmt":"2018-12-21T08:07:03","guid":{"rendered":"https:\/\/demo2wpopal.b-cdn.net\/maisonco\/?page_id=439"},"modified":"2025-07-02T10:49:24","modified_gmt":"2025-07-02T10:49:24","slug":"gallery","status":"publish","type":"page","link":"https:\/\/dev.cubes-corbeanca.ro\/en\/gallery\/","title":{"rendered":"Gallery"},"content":{"rendered":"<div data-elementor-type=\"wp-post\" data-elementor-id=\"439\" class=\"elementor elementor-439\">\n\t\t\t\t\t\t<section class=\"elementor-section elementor-top-section elementor-element elementor-element-f83ed06 elementor-section-boxed elementor-section-height-default elementor-section-height-default\" data-id=\"f83ed06\" data-element_type=\"section\">\n\t\t\t\t\t\t<div class=\"elementor-container elementor-column-gap-default\">\n\t\t\t\t\t<div class=\"elementor-column elementor-col-100 elementor-top-column elementor-element elementor-element-8847b0e\" data-id=\"8847b0e\" data-element_type=\"column\">\n\t\t\t<div class=\"elementor-widget-wrap elementor-element-populated\">\n\t\t\t\t\t\t<div class=\"elementor-element elementor-element-4b8fe87 gallery-style-2 elementor-filter-top elementor-widget elementor-widget-opal-image-gallery\" data-id=\"4b8fe87\" data-element_type=\"widget\" data-widget_type=\"opal-image-gallery.default\">\n\t\t\t\t<div class=\"elementor-widget-container\">\n\t\t\t\t\t            <ul class=\"elementor-galerry__filters\"\n                data-related=\"isotope-4b8fe87\">\n                <li class=\"elementor-galerry__filter elementor-active\"\n                    data-filter=\".__all\">All<\/li>\n                                    <li class=\"elementor-galerry__filter\"\n                        data-filter=\".gallery_group_0\">Environment<\/li>\n                                    <li class=\"elementor-galerry__filter\"\n                        data-filter=\".gallery_group_1\">Exterior<\/li>\n                                    <li class=\"elementor-galerry__filter\"\n                        data-filter=\".gallery_group_2\">Interior<\/li>\n                                    <li class=\"elementor-galerry__filter\"\n                        data-filter=\".gallery_group_3\">Amplasament<\/li>\n                            <\/ul>\n            \n        <div class=\"elementor-opal-image-gallery\">\n            <div class=\"row grid isotope-grid gallery-visibility\" data-elementor-columns=\"4\">\n                                        <div class=\"column-item grid__item masonry-item __all gallery_group_0\">\n                            <a data-elementor-open-lightbox=\"no\"                                href=\"https:\/\/dev.cubes-corbeanca.ro\/wp-content\/uploads\/2025\/05\/3c694b3a00c9a03919ad4f31e4019eec7e77979e-scaled.jpg\">\n                                <img decoding=\"async\" src=\"https:\/\/dev.cubes-corbeanca.ro\/wp-content\/uploads\/2025\/05\/3c694b3a00c9a03919ad4f31e4019eec7e77979e-400x267.jpg\"\n                                     alt=\"Buc\u0103t\u0103rie modern\u0103 cu mobilier din lemn\"\/>\n                                                            <\/a>\n                        <\/div>\n                                                <div class=\"column-item grid__item masonry-item __all gallery_group_0\">\n                            <a data-elementor-open-lightbox=\"no\"                                href=\"https:\/\/dev.cubes-corbeanca.ro\/wp-content\/uploads\/2025\/05\/c127ad2d03fe08354229c99c458e0d067c93f46a-scaled.jpg\">\n                                <img decoding=\"async\" src=\"https:\/\/dev.cubes-corbeanca.ro\/wp-content\/uploads\/2025\/05\/c127ad2d03fe08354229c99c458e0d067c93f46a-400x225.jpg\"\n                                     alt=\"Randare arhitectural\u0103 aerian\u0103 a unei vile moderne cu terase acoperite\"\/>\n                                                            <\/a>\n                        <\/div>\n                                                <div class=\"column-item grid__item masonry-item __all gallery_group_0\">\n                            <a data-elementor-open-lightbox=\"no\"                                href=\"https:\/\/dev.cubes-corbeanca.ro\/wp-content\/uploads\/2025\/05\/649b5e0a4816844bfb562025caea7f8c9ac5af39-scaled.png\">\n                                <img decoding=\"async\" src=\"https:\/\/dev.cubes-corbeanca.ro\/wp-content\/uploads\/2025\/05\/649b5e0a4816844bfb562025caea7f8c9ac5af39-400x225.png\"\n                                     alt=\"Poza exterioara cu vila cu parter impreuna cu gradina\"\/>\n                                                            <\/a>\n                        <\/div>\n                                                <div class=\"column-item grid__item masonry-item __all gallery_group_0\">\n                            <a data-elementor-open-lightbox=\"no\"                                href=\"https:\/\/dev.cubes-corbeanca.ro\/wp-content\/uploads\/2025\/05\/bcf73dab310dd86489482c31c309499c3ff60e45-scaled.png\">\n                                <img decoding=\"async\" src=\"https:\/\/dev.cubes-corbeanca.ro\/wp-content\/uploads\/2025\/05\/bcf73dab310dd86489482c31c309499c3ff60e45-400x225.png\"\n                                     alt=\"Poza exterioara laterala a vilei cu etaj impreuna cu gradina\"\/>\n                                                            <\/a>\n                        <\/div>\n                                                <div class=\"column-item grid__item masonry-item __all gallery_group_0\">\n                            <a data-elementor-open-lightbox=\"no\"                                href=\"https:\/\/dev.cubes-corbeanca.ro\/wp-content\/uploads\/2025\/05\/b447fe8d4e6310de65d6e48c07ea1831a8329cc9-scaled.jpg\">\n                                <img decoding=\"async\" src=\"https:\/\/dev.cubes-corbeanca.ro\/wp-content\/uploads\/2025\/05\/b447fe8d4e6310de65d6e48c07ea1831a8329cc9-400x225.jpg\"\n                                     alt=\"Terasa exterioara cu foc\"\/>\n                                                            <\/a>\n                        <\/div>\n                                                <div class=\"column-item grid__item masonry-item __all gallery_group_1\">\n                            <a data-elementor-open-lightbox=\"no\"                                href=\"https:\/\/dev.cubes-corbeanca.ro\/wp-content\/uploads\/2025\/05\/gallery-2.png\">\n                                <img decoding=\"async\" src=\"https:\/\/dev.cubes-corbeanca.ro\/wp-content\/uploads\/2025\/05\/gallery-2.png\"\n                                     alt=\"gallery-2\"\/>\n                                                            <\/a>\n                        <\/div>\n                                                <div class=\"column-item grid__item masonry-item __all gallery_group_1\">\n                            <a data-elementor-open-lightbox=\"no\"                                href=\"https:\/\/dev.cubes-corbeanca.ro\/wp-content\/uploads\/2025\/05\/Component-2-1.png\">\n                                <img decoding=\"async\" src=\"https:\/\/dev.cubes-corbeanca.ro\/wp-content\/uploads\/2025\/05\/Component-2-1.png\"\n                                     alt=\"Poza balcon CUBES Corbeanca\"\/>\n                                                            <\/a>\n                        <\/div>\n                                                <div class=\"column-item grid__item masonry-item __all gallery_group_1\">\n                            <a data-elementor-open-lightbox=\"no\"                                href=\"https:\/\/dev.cubes-corbeanca.ro\/wp-content\/uploads\/2025\/05\/Component-3-1.png\">\n                                <img decoding=\"async\" src=\"https:\/\/dev.cubes-corbeanca.ro\/wp-content\/uploads\/2025\/05\/Component-3-1.png\"\n                                     alt=\"Poza din exterior cu una din vilele CUBES Corbeanca\"\/>\n                                                            <\/a>\n                        <\/div>\n                                                <div class=\"column-item grid__item masonry-item __all gallery_group_1\">\n                            <a data-elementor-open-lightbox=\"no\"                                href=\"https:\/\/dev.cubes-corbeanca.ro\/wp-content\/uploads\/2025\/05\/DSC9256-1-scaled.jpg\">\n                                <img decoding=\"async\" src=\"https:\/\/dev.cubes-corbeanca.ro\/wp-content\/uploads\/2025\/05\/DSC9256-1-400x267.jpg\"\n                                     alt=\"Poza din exterior a vilei cu etaj CUBES\"\/>\n                                                            <\/a>\n                        <\/div>\n                                                <div class=\"column-item grid__item masonry-item __all gallery_group_1\">\n                            <a data-elementor-open-lightbox=\"no\"                                href=\"https:\/\/dev.cubes-corbeanca.ro\/wp-content\/uploads\/2025\/05\/DSC9266-1-scaled.jpg\">\n                                <img decoding=\"async\" src=\"https:\/\/dev.cubes-corbeanca.ro\/wp-content\/uploads\/2025\/05\/DSC9266-1-400x267.jpg\"\n                                     alt=\"Poza din exterior a vilei cu etaj CUBES\"\/>\n                                                            <\/a>\n                        <\/div>\n                                                <div class=\"column-item grid__item masonry-item __all gallery_group_1\">\n                            <a data-elementor-open-lightbox=\"no\"                                href=\"https:\/\/dev.cubes-corbeanca.ro\/wp-content\/uploads\/2025\/05\/DSC9296-1-scaled.jpg\">\n                                <img decoding=\"async\" src=\"https:\/\/dev.cubes-corbeanca.ro\/wp-content\/uploads\/2025\/05\/DSC9296-1-400x267.jpg\"\n                                     alt=\"Garaj casa\"\/>\n                                                            <\/a>\n                        <\/div>\n                                                <div class=\"column-item grid__item masonry-item __all gallery_group_2\">\n                            <a data-elementor-open-lightbox=\"no\"                                href=\"https:\/\/dev.cubes-corbeanca.ro\/wp-content\/uploads\/2025\/05\/DSC9666-min-scaled.jpg\">\n                                <img decoding=\"async\" src=\"https:\/\/dev.cubes-corbeanca.ro\/wp-content\/uploads\/2025\/05\/DSC9666-min-400x267.jpg\"\n                                     alt=\"Terasa exterior langa sufragerie\"\/>\n                                                            <\/a>\n                        <\/div>\n                                                <div class=\"column-item grid__item masonry-item __all gallery_group_2\">\n                            <a data-elementor-open-lightbox=\"no\"                                href=\"https:\/\/dev.cubes-corbeanca.ro\/wp-content\/uploads\/2025\/05\/gallery-11.png\">\n                                <img decoding=\"async\" src=\"https:\/\/dev.cubes-corbeanca.ro\/wp-content\/uploads\/2025\/05\/gallery-11.png\"\n                                     alt=\"gallery-11\"\/>\n                                                            <\/a>\n                        <\/div>\n                                                <div class=\"column-item grid__item masonry-item __all gallery_group_2\">\n                            <a data-elementor-open-lightbox=\"no\"                                href=\"https:\/\/dev.cubes-corbeanca.ro\/wp-content\/uploads\/2025\/05\/gallery-12.png\">\n                                <img decoding=\"async\" src=\"https:\/\/dev.cubes-corbeanca.ro\/wp-content\/uploads\/2025\/05\/gallery-12.png\"\n                                     alt=\"gallery-12\"\/>\n                                                            <\/a>\n                        <\/div>\n                                                <div class=\"column-item grid__item masonry-item __all gallery_group_2\">\n                            <a data-elementor-open-lightbox=\"no\"                                href=\"https:\/\/dev.cubes-corbeanca.ro\/wp-content\/uploads\/2025\/05\/gallery-15.png\">\n                                <img decoding=\"async\" src=\"https:\/\/dev.cubes-corbeanca.ro\/wp-content\/uploads\/2025\/05\/gallery-15.png\"\n                                     alt=\"gallery-15\"\/>\n                                                            <\/a>\n                        <\/div>\n                                                <div class=\"column-item grid__item masonry-item __all gallery_group_3\">\n                            <a data-elementor-open-lightbox=\"no\"                                href=\"https:\/\/dev.cubes-corbeanca.ro\/wp-content\/uploads\/2025\/05\/DSC9491-scaled.jpg\">\n                                <img decoding=\"async\" src=\"https:\/\/dev.cubes-corbeanca.ro\/wp-content\/uploads\/2025\/05\/DSC9491-400x267.jpg\"\n                                     alt=\"Poza scari interioare vila\"\/>\n                                                            <\/a>\n                        <\/div>\n                                                <div class=\"column-item grid__item masonry-item __all gallery_group_3\">\n                            <a data-elementor-open-lightbox=\"no\"                                href=\"https:\/\/dev.cubes-corbeanca.ro\/wp-content\/uploads\/2025\/05\/DSC9074-scaled.jpg\">\n                                <img decoding=\"async\" src=\"https:\/\/dev.cubes-corbeanca.ro\/wp-content\/uploads\/2025\/05\/DSC9074-400x267.jpg\"\n                                     alt=\"_DSC9074\"\/>\n                                                            <\/a>\n                        <\/div>\n                                                <div class=\"column-item grid__item masonry-item __all gallery_group_3\">\n                            <a data-elementor-open-lightbox=\"no\"                                href=\"https:\/\/dev.cubes-corbeanca.ro\/wp-content\/uploads\/2025\/05\/DSC9004-HDR-3-scaled.jpg\">\n                                <img decoding=\"async\" src=\"https:\/\/dev.cubes-corbeanca.ro\/wp-content\/uploads\/2025\/05\/DSC9004-HDR-3-400x267.jpg\"\n                                     alt=\"_DSC9004-HDR-3\"\/>\n                                                            <\/a>\n                        <\/div>\n                                                <div class=\"column-item grid__item masonry-item __all gallery_group_3\">\n                            <a data-elementor-open-lightbox=\"no\"                                href=\"https:\/\/dev.cubes-corbeanca.ro\/wp-content\/uploads\/2025\/05\/DSC9699-1-scaled.jpg\">\n                                <img decoding=\"async\" src=\"https:\/\/dev.cubes-corbeanca.ro\/wp-content\/uploads\/2025\/05\/DSC9699-1-400x267.jpg\"\n                                     alt=\"Garaj casa\"\/>\n                                                            <\/a>\n                        <\/div>\n                                    <\/div>\n        <\/div>\n        \t\t\t\t<\/div>\n\t\t\t\t<\/div>\n\t\t\t\t\t<\/div>\n\t\t<\/div>\n\t\t\t\t\t<\/div>\n\t\t<\/section>\n\t\t\t\t<\/div>","protected":false},"excerpt":{"rendered":"<p>All Environment Exterior Interior Amplasament<\/p>","protected":false},"author":1,"featured_media":0,"parent":0,"menu_order":0,"comment_status":"closed","ping_status":"closed","template":"","meta":{"_monsterinsights_skip_tracking":false,"_monsterinsights_sitenote_active":false,"_monsterinsights_sitenote_note":"","_monsterinsights_sitenote_category":0,"footnotes":""},"class_list":["post-439","page","type-page","status-publish","hentry"],"yoast_head":"<!-- This site is optimized with the Yoast SEO plugin v25.3.1 - https:\/\/yoast.com\/wordpress\/plugins\/seo\/ -->\n<title>Galerie poze - CUBES Residence Corbeanca<\/title>\n<meta name=\"description\" content=\"Vezi galeria foto CUBES Residence Corbeanca \u2013 descopera vilele moderne, designul elegant si spatiile exterioare din cadrul ansamblului privat.\" \/>\n<meta name=\"robots\" content=\"index, follow, max-snippet:-1, max-image-preview:large, max-video-preview:-1\" \/>\n<link rel=\"canonical\" href=\"https:\/\/dev.cubes-corbeanca.ro\/en\/gallery\/\" \/>\n<meta property=\"og:locale\" content=\"en_US\" \/>\n<meta property=\"og:type\" content=\"article\" \/>\n<meta property=\"og:title\" content=\"Galerie poze - CUBES Residence Corbeanca\" \/>\n<meta property=\"og:description\" content=\"Vezi galeria foto CUBES Residence Corbeanca \u2013 descopera vilele moderne, designul elegant si spatiile exterioare din cadrul ansamblului privat.\" \/>\n<meta property=\"og:url\" content=\"https:\/\/dev.cubes-corbeanca.ro\/en\/gallery\/\" \/>\n<meta property=\"og:site_name\" content=\"cubes\" \/>\n<meta property=\"article:modified_time\" content=\"2025-07-02T10:49:24+00:00\" \/>\n<meta property=\"og:image\" content=\"https:\/\/dev.cubes-corbeanca.ro\/wp-content\/uploads\/2025\/05\/3c694b3a00c9a03919ad4f31e4019eec7e77979e-400x267.jpg\" \/>\n<meta name=\"twitter:card\" content=\"summary_large_image\" \/>\n<meta name=\"twitter:label1\" content=\"Est. reading time\" \/>\n\t<meta name=\"twitter:data1\" content=\"4 minutes\" \/>\n<script type=\"application\/ld+json\" class=\"yoast-schema-graph\">{\"@context\":\"https:\/\/schema.org\",\"@graph\":[{\"@type\":\"WebPage\",\"@id\":\"https:\/\/dev.cubes-corbeanca.ro\/gallery\/\",\"url\":\"https:\/\/dev.cubes-corbeanca.ro\/gallery\/\",\"name\":\"Galerie poze - CUBES Residence Corbeanca\",\"isPartOf\":{\"@id\":\"https:\/\/dev.cubes-corbeanca.ro\/#website\"},\"primaryImageOfPage\":{\"@id\":\"https:\/\/dev.cubes-corbeanca.ro\/gallery\/#primaryimage\"},\"image\":{\"@id\":\"https:\/\/dev.cubes-corbeanca.ro\/gallery\/#primaryimage\"},\"thumbnailUrl\":\"https:\/\/dev.cubes-corbeanca.ro\/wp-content\/uploads\/2025\/05\/3c694b3a00c9a03919ad4f31e4019eec7e77979e-400x267.jpg\",\"datePublished\":\"2018-12-21T08:07:03+00:00\",\"dateModified\":\"2025-07-02T10:49:24+00:00\",\"description\":\"Vezi galeria foto CUBES Residence Corbeanca \u2013 descopera vilele moderne, designul elegant si spatiile exterioare din cadrul ansamblului privat.\",\"breadcrumb\":{\"@id\":\"https:\/\/dev.cubes-corbeanca.ro\/gallery\/#breadcrumb\"},\"inLanguage\":\"en-US\",\"potentialAction\":[{\"@type\":\"ReadAction\",\"target\":[\"https:\/\/dev.cubes-corbeanca.ro\/gallery\/\"]}]},{\"@type\":\"ImageObject\",\"inLanguage\":\"en-US\",\"@id\":\"https:\/\/dev.cubes-corbeanca.ro\/gallery\/#primaryimage\",\"url\":\"https:\/\/dev.cubes-corbeanca.ro\/wp-content\/uploads\/2025\/05\/3c694b3a00c9a03919ad4f31e4019eec7e77979e-400x267.jpg\",\"contentUrl\":\"https:\/\/dev.cubes-corbeanca.ro\/wp-content\/uploads\/2025\/05\/3c694b3a00c9a03919ad4f31e4019eec7e77979e-400x267.jpg\"},{\"@type\":\"BreadcrumbList\",\"@id\":\"https:\/\/dev.cubes-corbeanca.ro\/gallery\/#breadcrumb\",\"itemListElement\":[{\"@type\":\"ListItem\",\"position\":1,\"name\":\"Prima pagin\u0103\",\"item\":\"https:\/\/dev.cubes-corbeanca.ro\/\"},{\"@type\":\"ListItem\",\"position\":2,\"name\":\"Gallery\"}]},{\"@type\":\"WebSite\",\"@id\":\"https:\/\/dev.cubes-corbeanca.ro\/#website\",\"url\":\"https:\/\/dev.cubes-corbeanca.ro\/\",\"name\":\"CUBES Corbeanca\",\"description\":\"\",\"publisher\":{\"@id\":\"https:\/\/dev.cubes-corbeanca.ro\/#organization\"},\"potentialAction\":[{\"@type\":\"SearchAction\",\"target\":{\"@type\":\"EntryPoint\",\"urlTemplate\":\"https:\/\/dev.cubes-corbeanca.ro\/?s={search_term_string}\"},\"query-input\":{\"@type\":\"PropertyValueSpecification\",\"valueRequired\":true,\"valueName\":\"search_term_string\"}}],\"inLanguage\":\"en-US\"},{\"@type\":\"Organization\",\"@id\":\"https:\/\/dev.cubes-corbeanca.ro\/#organization\",\"name\":\"CUBES Corbeanca\",\"url\":\"https:\/\/dev.cubes-corbeanca.ro\/\",\"logo\":{\"@type\":\"ImageObject\",\"inLanguage\":\"en-US\",\"@id\":\"https:\/\/dev.cubes-corbeanca.ro\/#\/schema\/logo\/image\/\",\"url\":\"https:\/\/cubes-corbeanca.ro\/wp-content\/uploads\/2018\/12\/9496fd1385637075c67e7e19d67050d048e3a2c2.png\",\"contentUrl\":\"https:\/\/cubes-corbeanca.ro\/wp-content\/uploads\/2018\/12\/9496fd1385637075c67e7e19d67050d048e3a2c2.png\",\"width\":373,\"height\":373,\"caption\":\"CUBES Corbeanca\"},\"image\":{\"@id\":\"https:\/\/dev.cubes-corbeanca.ro\/#\/schema\/logo\/image\/\"}}]}<\/script>\n<!-- \/ Yoast SEO plugin. -->","yoast_head_json":{"title":"Galerie poze - CUBES Residence Corbeanca","description":"Vezi galeria foto CUBES Residence Corbeanca \u2013 descopera vilele moderne, designul elegant si spatiile exterioare din cadrul ansamblului privat.","robots":{"index":"index","follow":"follow","max-snippet":"max-snippet:-1","max-image-preview":"max-image-preview:large","max-video-preview":"max-video-preview:-1"},"canonical":"https:\/\/dev.cubes-corbeanca.ro\/en\/gallery\/","og_locale":"en_US","og_type":"article","og_title":"Galerie poze - CUBES Residence Corbeanca","og_description":"Vezi galeria foto CUBES Residence Corbeanca \u2013 descopera vilele moderne, designul elegant si spatiile exterioare din cadrul ansamblului privat.","og_url":"https:\/\/dev.cubes-corbeanca.ro\/en\/gallery\/","og_site_name":"cubes","article_modified_time":"2025-07-02T10:49:24+00:00","og_image":[{"url":"https:\/\/dev.cubes-corbeanca.ro\/wp-content\/uploads\/2025\/05\/3c694b3a00c9a03919ad4f31e4019eec7e77979e-400x267.jpg","type":"","width":"","height":""}],"twitter_card":"summary_large_image","twitter_misc":{"Est. reading time":"4 minutes"},"schema":{"@context":"https:\/\/schema.org","@graph":[{"@type":"WebPage","@id":"https:\/\/dev.cubes-corbeanca.ro\/gallery\/","url":"https:\/\/dev.cubes-corbeanca.ro\/gallery\/","name":"Galerie poze - CUBES Residence Corbeanca","isPartOf":{"@id":"https:\/\/dev.cubes-corbeanca.ro\/#website"},"primaryImageOfPage":{"@id":"https:\/\/dev.cubes-corbeanca.ro\/gallery\/#primaryimage"},"image":{"@id":"https:\/\/dev.cubes-corbeanca.ro\/gallery\/#primaryimage"},"thumbnailUrl":"https:\/\/dev.cubes-corbeanca.ro\/wp-content\/uploads\/2025\/05\/3c694b3a00c9a03919ad4f31e4019eec7e77979e-400x267.jpg","datePublished":"2018-12-21T08:07:03+00:00","dateModified":"2025-07-02T10:49:24+00:00","description":"Vezi galeria foto CUBES Residence Corbeanca \u2013 descopera vilele moderne, designul elegant si spatiile exterioare din cadrul ansamblului privat.","breadcrumb":{"@id":"https:\/\/dev.cubes-corbeanca.ro\/gallery\/#breadcrumb"},"inLanguage":"en-US","potentialAction":[{"@type":"ReadAction","target":["https:\/\/dev.cubes-corbeanca.ro\/gallery\/"]}]},{"@type":"ImageObject","inLanguage":"en-US","@id":"https:\/\/dev.cubes-corbeanca.ro\/gallery\/#primaryimage","url":"https:\/\/dev.cubes-corbeanca.ro\/wp-content\/uploads\/2025\/05\/3c694b3a00c9a03919ad4f31e4019eec7e77979e-400x267.jpg","contentUrl":"https:\/\/dev.cubes-corbeanca.ro\/wp-content\/uploads\/2025\/05\/3c694b3a00c9a03919ad4f31e4019eec7e77979e-400x267.jpg"},{"@type":"BreadcrumbList","@id":"https:\/\/dev.cubes-corbeanca.ro\/gallery\/#breadcrumb","itemListElement":[{"@type":"ListItem","position":1,"name":"Prima pagin\u0103","item":"https:\/\/dev.cubes-corbeanca.ro\/"},{"@type":"ListItem","position":2,"name":"Gallery"}]},{"@type":"WebSite","@id":"https:\/\/dev.cubes-corbeanca.ro\/#website","url":"https:\/\/dev.cubes-corbeanca.ro\/","name":"CUBES Corbeanca","description":"","publisher":{"@id":"https:\/\/dev.cubes-corbeanca.ro\/#organization"},"potentialAction":[{"@type":"SearchAction","target":{"@type":"EntryPoint","urlTemplate":"https:\/\/dev.cubes-corbeanca.ro\/?s={search_term_string}"},"query-input":{"@type":"PropertyValueSpecification","valueRequired":true,"valueName":"search_term_string"}}],"inLanguage":"en-US"},{"@type":"Organization","@id":"https:\/\/dev.cubes-corbeanca.ro\/#organization","name":"CUBES Corbeanca","url":"https:\/\/dev.cubes-corbeanca.ro\/","logo":{"@type":"ImageObject","inLanguage":"en-US","@id":"https:\/\/dev.cubes-corbeanca.ro\/#\/schema\/logo\/image\/","url":"https:\/\/cubes-corbeanca.ro\/wp-content\/uploads\/2018\/12\/9496fd1385637075c67e7e19d67050d048e3a2c2.png","contentUrl":"https:\/\/cubes-corbeanca.ro\/wp-content\/uploads\/2018\/12\/9496fd1385637075c67e7e19d67050d048e3a2c2.png","width":373,"height":373,"caption":"CUBES Corbeanca"},"image":{"@id":"https:\/\/dev.cubes-corbeanca.ro\/#\/schema\/logo\/image\/"}}]}},"_links":{"self":[{"href":"https:\/\/dev.cubes-corbeanca.ro\/en\/wp-json\/wp\/v2\/pages\/439","targetHints":{"allow":["GET"]}}],"collection":[{"href":"https:\/\/dev.cubes-corbeanca.ro\/en\/wp-json\/wp\/v2\/pages"}],"about":[{"href":"https:\/\/dev.cubes-corbeanca.ro\/en\/wp-json\/wp\/v2\/types\/page"}],"author":[{"embeddable":true,"href":"https:\/\/dev.cubes-corbeanca.ro\/en\/wp-json\/wp\/v2\/users\/1"}],"replies":[{"embeddable":true,"href":"https:\/\/dev.cubes-corbeanca.ro\/en\/wp-json\/wp\/v2\/comments?post=439"}],"version-history":[{"count":25,"href":"https:\/\/dev.cubes-corbeanca.ro\/en\/wp-json\/wp\/v2\/pages\/439\/revisions"}],"predecessor-version":[{"id":4177,"href":"https:\/\/dev.cubes-corbeanca.ro\/en\/wp-json\/wp\/v2\/pages\/439\/revisions\/4177"}],"wp:attachment":[{"href":"https:\/\/dev.cubes-corbeanca.ro\/en\/wp-json\/wp\/v2\/media?parent=439"}],"curies":[{"name":"wp","href":"https:\/\/api.w.org\/{rel}","templated":true}]}}